{"id":132,"date":"2025-10-25T19:11:44","date_gmt":"2025-10-25T19:11:44","guid":{"rendered":"https:\/\/veganastofu.com\/?page_id=132"},"modified":"2026-03-02T10:55:35","modified_gmt":"2026-03-02T10:55:35","slug":"about","status":"publish","type":"page","link":"https:\/\/www.veganastofu.com\/es\/about\/","title":{"rendered":"Nosotros"},"content":{"rendered":"<div style=\"height:20px\" aria-hidden=\"true\" class=\"wp-block-spacer\"><\/div>\n\n\n\n<h1 class=\"wp-block-heading has-text-align-center has-ast-global-color-1-color has-text-color\" style=\"margin-right:0px;margin-left:0px;font-size:46px\">Nosotros<\/h1>\n\n\n\n<p class=\"has-text-align-center has-ast-global-color-0-color has-text-color has-link-color has-medium-font-size wp-elements-d4bafc06e8f1f4d5884972872241d409\" style=\"margin-right:0rem;margin-left:0rem\"><strong>Come. Vive. S\u00e9 consciente<\/strong>!<\/p>\n\n\n\n<figure class=\"wp-block-image alignright size-medium\" style=\"margin-right:24px;margin-left:24px\"><img loading=\"lazy\" decoding=\"async\" width=\"300\" height=\"225\" src=\"https:\/\/www.veganastofu.com\/wp-content\/uploads\/2025\/10\/IMG_0642-300x225.jpeg\" alt=\"Blair and Joha, Vegan as Tofu, on the About page\" class=\"wp-image-44\" srcset=\"https:\/\/www.veganastofu.com\/wp-content\/uploads\/2025\/10\/IMG_0642-300x225.jpeg 300w, https:\/\/www.veganastofu.com\/wp-content\/uploads\/2025\/10\/IMG_0642-1024x768.jpeg 1024w, https:\/\/www.veganastofu.com\/wp-content\/uploads\/2025\/10\/IMG_0642-768x576.jpeg 768w, https:\/\/www.veganastofu.com\/wp-content\/uploads\/2025\/10\/IMG_0642-1536x1152.jpeg 1536w, https:\/\/www.veganastofu.com\/wp-content\/uploads\/2025\/10\/IMG_0642-2048x1536.jpeg 2048w\" sizes=\"auto, (max-width: 300px) 100vw, 300px\" \/><\/figure>\n\n\n\n<p>Vegan as Tofu es para quienes quieren tomar decisiones sostenibles y duraderas  por los animales, el planeta y su propia salud. Ya sea que est\u00e9s en transici\u00f3n o encontrando tu propio camino, este es un espacio que celebra el progreso sobre la perfecci\u00f3n.<\/p>\n\n\n\n<p>We\u2019re Joha and Blair. I follow a vegan lifestyle, and Blair is pescetarian. Together, we live plant-based, guided by shared values, curiosity, and kindness. Over the past year, we\u2019ve traveled through multiple countries, discovering vegan and vegan-friendly foods, local markets, and creative plant-based meals around the world.<\/p>\n\n\n\n<p>Aqu\u00ed compartimos descubrimientos gastron\u00f3micos sinceros, consejos pr\u00e1cticos y recetas para ayudarte a tomar decisiones conscientes y compasivas en la vida diaria, est\u00e9s donde est\u00e9s.<\/p>\n\n\n\n<p>Cada camino es diferente. Cada paso hacia la compasi\u00f3n cuenta. Progreso sobre perfecci\u00f3n - siempre.<\/p>\n\n\n\n<div style=\"height:70px\" aria-hidden=\"true\" class=\"wp-block-spacer\"><\/div>\n\n\n  \n  \n  <div class=\"mailpoet_form_popup_overlay\"><\/div>\n  <div\n    id=\"mailpoet_form_1\"\n    class=\"mailpoet_form      mailpoet_form_html      mailpoet_form_position_      mailpoet_form_animation_\"\n      >\n\n    <style type=\"text\/css\">\n     #mailpoet_form_1 form.mailpoet_form { margin-bottom: 0; }\n#mailpoet_form_1 p.mailpoet_form_paragraph.last { margin-bottom: 0px; }\n#mailpoet_form_1 h1.mailpoet-heading { margin: 0 0 10px; }\n#mailpoet_form_1 .mailpoet_column_with_background { padding: 10px; }\n#mailpoet_form_1 .mailpoet_form_column:not(:first-child) { margin-left: 20px; }\n#mailpoet_form_1 .mailpoet_paragraph { line-height: 20px; margin-bottom: 20px; }\n#mailpoet_form_1 .mailpoet_segment_label, #mailpoet_form_1 .mailpoet_text_label, #mailpoet_form_1 .mailpoet_textarea_label, #mailpoet_form_1 .mailpoet_select_label, #mailpoet_form_1 .mailpoet_radio_label, #mailpoet_form_1 .mailpoet_checkbox_label, #mailpoet_form_1 .mailpoet_list_label, #mailpoet_form_1 .mailpoet_date_label { display: block; font-weight: normal; }\n#mailpoet_form_1 .mailpoet_text, #mailpoet_form_1 .mailpoet_textarea, #mailpoet_form_1 .mailpoet_select, #mailpoet_form_1 .mailpoet_date_month, #mailpoet_form_1 .mailpoet_date_day, #mailpoet_form_1 .mailpoet_date_year, #mailpoet_form_1 .mailpoet_date { display: block; }\n#mailpoet_form_1 .mailpoet_text, #mailpoet_form_1 .mailpoet_textarea { width: 200px; }\n#mailpoet_form_1 .mailpoet_checkbox {  }\n#mailpoet_form_1 .mailpoet_submit {  }\n#mailpoet_form_1 .mailpoet_divider {  }\n#mailpoet_form_1 .mailpoet_message {  }\n#mailpoet_form_1 .mailpoet_form_loading { width: 30px; text-align: center; line-height: normal; }\n#mailpoet_form_1 .mailpoet_form_loading > span { width: 5px; height: 5px; background-color: #5b5b5b; }#mailpoet_form_1{border: 10px solid #f7f7f7;border-radius: 15px;background: #ffffff;color: #313131;text-align: left;}#mailpoet_form_1 form.mailpoet_form {padding: 15px;}#mailpoet_form_1{width: 100%;}#mailpoet_form_1 .mailpoet_message {margin: 0; padding: 0 20px;}\n        #mailpoet_form_1 .mailpoet_validate_success {color: #fcb900}\n        #mailpoet_form_1 input.parsley-success {color: #fcb900}\n        #mailpoet_form_1 select.parsley-success {color: #fcb900}\n        #mailpoet_form_1 textarea.parsley-success {color: #fcb900}\n      \n        #mailpoet_form_1 .mailpoet_validate_error {color: #cf2e2e}\n        #mailpoet_form_1 input.parsley-error {color: #cf2e2e}\n        #mailpoet_form_1 select.parsley-error {color: #cf2e2e}\n        #mailpoet_form_1 textarea.textarea.parsley-error {color: #cf2e2e}\n        #mailpoet_form_1 .parsley-errors-list {color: #cf2e2e}\n        #mailpoet_form_1 .parsley-required {color: #cf2e2e}\n        #mailpoet_form_1 .parsley-custom-error-message {color: #cf2e2e}\n      #mailpoet_form_1 .mailpoet_paragraph.last {margin-bottom: 0} @media (max-width: 500px) {#mailpoet_form_1 {background: #ffffff;}} @media (min-width: 500px) {#mailpoet_form_1 .last .mailpoet_paragraph:last-child {margin-bottom: 0}}  @media (max-width: 500px) {#mailpoet_form_1 .mailpoet_form_column:last-child .mailpoet_paragraph:last-child {margin-bottom: 0}} \n    <\/style>\n\n    <form\n      target=\"_self\"\n      method=\"post\"\n      action=\"https:\/\/www.veganastofu.com\/wp-admin\/admin-post.php?action=mailpoet_subscription_form\"\n      class=\"mailpoet_form mailpoet_form_form mailpoet_form_html\"\n      novalidate\n data-delay=\"\"\n      data-exit-intent-enabled=\"\"\n      data-font-family=\"\"\n      data-cookie-expiration-time=\"\"\n    >\n      <input type=\"hidden\" name=\"data[form_id]\" value=\"1\" \/>\n      <input type=\"hidden\" name=\"token\" value=\"43dada9189\" \/>\n      <input type=\"hidden\" name=\"api_version\" value=\"v1\" \/>\n      <input type=\"hidden\" name=\"endpoint\" value=\"subscribers\" \/>\n      <input type=\"hidden\" name=\"mailpoet_method\" value=\"subscribe\" \/>\n\n      <label class=\"mailpoet_hp_email_label\" style=\"display: none !important;\">Por favor, deja este campo vac\u00edo<input type=\"email\" name=\"data[email]\"\/><\/label><h1 class=\"mailpoet-heading  mailpoet-has-font-size\" style=\"text-align: center; color: #313131; font-size: 40px; line-height: 1.2\"> <span style=\"font-family: BioRhyme\" data-font=\"BioRhyme\" class=\"mailpoet-has-font\">The Newsletter<\/span>!<\/h1>\n<p class=\"mailpoet_form_paragraph  mailpoet-has-font-size\" style=\"text-align: center; color: #313131; font-size: 16px\">Recibe informaci\u00f3n de comida a base de plantas<strong> <\/strong>recetas, viajes y tips directo a tu correo!<br>Puedes darte de baja cuando quieras\u2026 pero esperamos que te quedes \ud83c\udf3f<\/p>\n<div class='mailpoet_form_columns_container'><div class=\"mailpoet_form_columns mailpoet_paragraph mailpoet_stack_on_mobile\"><div class=\"mailpoet_form_column\" style=\"flex-basis:10%;\"><\/div>\n<div class=\"mailpoet_form_column\" style=\"flex-basis:40%;\"><div class=\"mailpoet_paragraph\"><style>input[name=\"data[form_field_MjM5YmMwNWQwYTg1X2VtYWls]\"]::placeholder{color:#abb8c3;opacity: 1;}<\/style><input type=\"email\" autocomplete=\"email\" class=\"mailpoet_text\" id=\"form_email_1\" name=\"data[form_field_MjM5YmMwNWQwYTg1X2VtYWls]\" title=\"Email Address\" value=\"\" style=\"width:100%;box-sizing:border-box;background-color:#eeeeee;border-style:solid;border-radius:8px !important;border-width:0px;border-color:#313131;padding:16px;margin: 0 auto 0 0;font-family:&#039;Montserrat&#039;;font-size:20px;line-height:1.5;height:auto;color:#abb8c3;\" data-automation-id=\"form_email\"  placeholder=\"Correo Electr\u00f3nico\" aria-label=\"Correo Electr\u00f3nico\" data-parsley-errors-container=\".mailpoet_error_13z6b\" data-parsley-required=\"true\" required aria-required=\"true\" data-parsley-minlength=\"6\" data-parsley-maxlength=\"150\" data-parsley-type-message=\"This value should be a valid email.\" data-parsley-required-message=\"Este campo es obligatorio\"\/><span class=\"mailpoet_error_13z6b\"><\/span><\/div>\n<\/div>\n<div class=\"mailpoet_form_column\" style=\"flex-basis:40%;\"><div class=\"mailpoet_paragraph\"><input type=\"submit\" class=\"mailpoet_submit\" value=\"UNETE A NOSOTROS\" data-automation-id=\"subscribe-submit-button\" data-font-family='Montserrat' style=\"width:100%;box-sizing:border-box;background-color:#fcb900;border-style:solid;border-radius:8px !important;border-width:0px;padding:16px;margin: 0 auto 0 0;font-family:&#039;Montserrat&#039;;font-size:20px;line-height:1.5;height:auto;color:#000000;border-color:transparent;font-weight:bold;\" \/><span class=\"mailpoet_form_loading\"><span class=\"mailpoet_bounce1\"><\/span><span class=\"mailpoet_bounce2\"><\/span><span class=\"mailpoet_bounce3\"><\/span><\/span><\/div>\n<\/div>\n<div class=\"mailpoet_form_column\" style=\"flex-basis:10%;\"><\/div>\n<\/div><\/div>\n<p class=\"mailpoet_form_paragraph  mailpoet-has-font-size\" style=\"text-align: center; font-size: 13px; line-height: 1.5\"><em><span style=\"font-family: Montserrat\" data-font=\"Montserrat\" class=\"mailpoet-has-font\">No enviamos spam. Puedes leer m\u00e1s en nuestra\u2026 <a href=\"#\">pol\u00edtica de privacidad<\/a><\/span><\/em><\/p>\n\n      <div class=\"mailpoet_message\">\n        <p class=\"mailpoet_validate_success\"\n                style=\"display:none;\"\n                >You\u2019re almost in!\n\nCheck your inbox (or that sneaky spam folder) to confirm your subscription. Let\u2019s get plant-based fun started! \ud83c\udf31\n        <\/p>\n        <p class=\"mailpoet_validate_error\"\n                style=\"display:none;\"\n                >        <\/p>\n      <\/div>\n    <\/form>\n\n      <\/div>\n\n  \n\n\n<div style=\"height:70px\" aria-hidden=\"true\" class=\"wp-block-spacer\"><\/div>\n\n\n\n<p><\/p>","protected":false},"excerpt":{"rendered":"<p>About Us Eat. Live. Be Kind! Vegan as Tofu is for anyone who wants to make lasting, sustainable choices &#8211; [&hellip;]<\/p>","protected":false},"author":1,"featured_media":0,"parent":0,"menu_order":0,"comment_status":"closed","ping_status":"closed","template":"","meta":{"site-sidebar-layout":"default","site-content-layout":"","ast-site-content-layout":"default","site-content-style":"default","site-sidebar-style":"default","ast-global-header-display":"","ast-banner-title-visibility":"","ast-main-header-display":"","ast-hfb-above-header-display":"","ast-hfb-below-header-display":"","ast-hfb-mobile-header-display":"","site-post-title":"disabled","ast-breadcrumbs-content":"","ast-featured-img":"","footer-sml-layout":"","ast-disable-related-posts":"","theme-transparent-header-meta":"","adv-header-id-meta":"","stick-header-meta":"","header-above-stick-meta":"","header-main-stick-meta":"","header-below-stick-meta":"","astra-migrate-meta-layouts":"default","ast-page-background-enabled":"default","ast-page-background-meta":{"desktop":{"background-color":"var(--ast-global-color-5)","background-image":"","background-repeat":"repeat","background-position":"center center","background-size":"auto","background-attachment":"scroll","background-type":"","background-media":"","overlay-type":"","overlay-color":"","overlay-opacity":"","overlay-gradient":""},"tablet":{"background-color":"","background-image":"","background-repeat":"repeat","background-position":"center center","background-size":"auto","background-attachment":"scroll","background-type":"","background-media":"","overlay-type":"","overlay-color":"","overlay-opacity":"","overlay-gradient":""},"mobile":{"background-color":"","background-image":"","background-repeat":"repeat","background-position":"center center","background-size":"auto","background-attachment":"scroll","background-type":"","background-media":"","overlay-type":"","overlay-color":"","overlay-opacity":"","overlay-gradient":""}},"ast-content-background-meta":{"desktop":{"background-color":"var(--ast-global-color-4)","background-image":"","background-repeat":"repeat","background-position":"center center","background-size":"auto","background-attachment":"scroll","background-type":"","background-media":"","overlay-type":"","overlay-color":"","overlay-opacity":"","overlay-gradient":""},"tablet":{"background-color":"var(--ast-global-color-4)","background-image":"","background-repeat":"repeat","background-position":"center center","background-size":"auto","background-attachment":"scroll","background-type":"","background-media":"","overlay-type":"","overlay-color":"","overlay-opacity":"","overlay-gradient":""},"mobile":{"background-color":"var(--ast-global-color-4)","background-image":"","background-repeat":"repeat","background-position":"center center","background-size":"auto","background-attachment":"scroll","background-type":"","background-media":"","overlay-type":"","overlay-color":"","overlay-opacity":"","overlay-gradient":""}},"footnotes":""},"class_list":["post-132","page","type-page","status-publish","hentry"],"yoast_head":"<!-- This site is optimized with the Yoast SEO plugin v26.8 - https:\/\/yoast.com\/product\/yoast-seo-wordpress\/ -->\n<title>About | Vegan As Tofu<\/title>\n<meta name=\"robots\" content=\"index, follow, max-snippet:-1, max-image-preview:large, max-video-preview:-1\" \/>\n<link rel=\"canonical\" href=\"https:\/\/www.veganastofu.com\/es\/about\/\" \/>\n<meta property=\"og:locale\" content=\"es_ES\" \/>\n<meta property=\"og:type\" content=\"article\" \/>\n<meta property=\"og:title\" content=\"About | Vegan As Tofu\" \/>\n<meta property=\"og:description\" content=\"About Us Eat. Live. Be Kind! Vegan as Tofu is for anyone who wants to make lasting, sustainable choices &#8211; [&hellip;]\" \/>\n<meta property=\"og:url\" content=\"https:\/\/www.veganastofu.com\/es\/about\/\" \/>\n<meta property=\"og:site_name\" content=\"Vegan As Tofu\" \/>\n<meta property=\"article:modified_time\" content=\"2026-03-02T10:55:35+00:00\" \/>\n<meta property=\"og:image\" content=\"https:\/\/www.veganastofu.com\/wp-content\/uploads\/2025\/10\/IMG_0642-scaled.jpeg\" \/>\n\t<meta property=\"og:image:width\" content=\"2560\" \/>\n\t<meta property=\"og:image:height\" content=\"1920\" \/>\n\t<meta property=\"og:image:type\" content=\"image\/jpeg\" \/>\n<meta name=\"twitter:card\" content=\"summary_large_image\" \/>\n<meta name=\"twitter:label1\" content=\"Tiempo de lectura\" \/>\n\t<meta name=\"twitter:data1\" content=\"1 minuto\" \/>\n<script type=\"application\/ld+json\" class=\"yoast-schema-graph\">{\"@context\":\"https:\/\/schema.org\",\"@graph\":[{\"@type\":\"WebPage\",\"@id\":\"https:\/\/www.veganastofu.com\/about\/\",\"url\":\"https:\/\/www.veganastofu.com\/about\/\",\"name\":\"About | Vegan As Tofu\",\"isPartOf\":{\"@id\":\"https:\/\/wheat-hornet-247923.hostingersite.com\/es\/#website\"},\"primaryImageOfPage\":{\"@id\":\"https:\/\/www.veganastofu.com\/about\/#primaryimage\"},\"image\":{\"@id\":\"https:\/\/www.veganastofu.com\/about\/#primaryimage\"},\"thumbnailUrl\":\"https:\/\/www.veganastofu.com\/wp-content\/uploads\/2025\/10\/IMG_0642-300x225.jpeg\",\"datePublished\":\"2025-10-25T19:11:44+00:00\",\"dateModified\":\"2026-03-02T10:55:35+00:00\",\"breadcrumb\":{\"@id\":\"https:\/\/www.veganastofu.com\/about\/#breadcrumb\"},\"inLanguage\":\"es-CO\",\"potentialAction\":[{\"@type\":\"ReadAction\",\"target\":[\"https:\/\/www.veganastofu.com\/about\/\"]}]},{\"@type\":\"ImageObject\",\"inLanguage\":\"es-CO\",\"@id\":\"https:\/\/www.veganastofu.com\/about\/#primaryimage\",\"url\":\"https:\/\/www.veganastofu.com\/wp-content\/uploads\/2025\/10\/IMG_0642-300x225.jpeg\",\"contentUrl\":\"https:\/\/www.veganastofu.com\/wp-content\/uploads\/2025\/10\/IMG_0642-300x225.jpeg\"},{\"@type\":\"BreadcrumbList\",\"@id\":\"https:\/\/www.veganastofu.com\/about\/#breadcrumb\",\"itemListElement\":[{\"@type\":\"ListItem\",\"position\":1,\"name\":\"Home\",\"item\":\"https:\/\/www.veganastofu.com\/\"},{\"@type\":\"ListItem\",\"position\":2,\"name\":\"About\"}]},{\"@type\":\"WebSite\",\"@id\":\"https:\/\/wheat-hornet-247923.hostingersite.com\/es\/#website\",\"url\":\"https:\/\/wheat-hornet-247923.hostingersite.com\/es\/\",\"name\":\"Vegan As Tofu\",\"description\":\"Plant-Based Food, Travel &amp; Lifestyle\",\"publisher\":{\"@id\":\"https:\/\/wheat-hornet-247923.hostingersite.com\/es\/#organization\"},\"potentialAction\":[{\"@type\":\"SearchAction\",\"target\":{\"@type\":\"EntryPoint\",\"urlTemplate\":\"https:\/\/wheat-hornet-247923.hostingersite.com\/es\/?s={search_term_string}\"},\"query-input\":{\"@type\":\"PropertyValueSpecification\",\"valueRequired\":true,\"valueName\":\"search_term_string\"}}],\"inLanguage\":\"es-CO\"},{\"@type\":\"Organization\",\"@id\":\"https:\/\/wheat-hornet-247923.hostingersite.com\/es\/#organization\",\"name\":\"Vegan As Tofu\",\"url\":\"https:\/\/wheat-hornet-247923.hostingersite.com\/es\/\",\"logo\":{\"@type\":\"ImageObject\",\"inLanguage\":\"es-CO\",\"@id\":\"https:\/\/wheat-hornet-247923.hostingersite.com\/es\/#\/schema\/logo\/image\/\",\"url\":\"https:\/\/www.veganastofu.com\/wp-content\/uploads\/2025\/10\/cropped-vegan_as_tofu_logo.jpg\",\"contentUrl\":\"https:\/\/www.veganastofu.com\/wp-content\/uploads\/2025\/10\/cropped-vegan_as_tofu_logo.jpg\",\"width\":1000,\"height\":415,\"caption\":\"Vegan As Tofu\"},\"image\":{\"@id\":\"https:\/\/wheat-hornet-247923.hostingersite.com\/es\/#\/schema\/logo\/image\/\"},\"sameAs\":[\"https:\/\/www.instagram.com\/veganastofu\/\"]}]}<\/script>\n<!-- \/ Yoast SEO plugin. -->","yoast_head_json":{"title":"About | Vegan As Tofu","robots":{"index":"index","follow":"follow","max-snippet":"max-snippet:-1","max-image-preview":"max-image-preview:large","max-video-preview":"max-video-preview:-1"},"canonical":"https:\/\/www.veganastofu.com\/es\/about\/","og_locale":"es_ES","og_type":"article","og_title":"About | Vegan As Tofu","og_description":"About Us Eat. Live. Be Kind! Vegan as Tofu is for anyone who wants to make lasting, sustainable choices &#8211; [&hellip;]","og_url":"https:\/\/www.veganastofu.com\/es\/about\/","og_site_name":"Vegan As Tofu","article_modified_time":"2026-03-02T10:55:35+00:00","og_image":[{"width":2560,"height":1920,"url":"https:\/\/www.veganastofu.com\/wp-content\/uploads\/2025\/10\/IMG_0642-scaled.jpeg","type":"image\/jpeg"}],"twitter_card":"summary_large_image","twitter_misc":{"Tiempo de lectura":"1 minuto"},"schema":{"@context":"https:\/\/schema.org","@graph":[{"@type":"WebPage","@id":"https:\/\/www.veganastofu.com\/about\/","url":"https:\/\/www.veganastofu.com\/about\/","name":"About | Vegan As Tofu","isPartOf":{"@id":"https:\/\/wheat-hornet-247923.hostingersite.com\/es\/#website"},"primaryImageOfPage":{"@id":"https:\/\/www.veganastofu.com\/about\/#primaryimage"},"image":{"@id":"https:\/\/www.veganastofu.com\/about\/#primaryimage"},"thumbnailUrl":"https:\/\/www.veganastofu.com\/wp-content\/uploads\/2025\/10\/IMG_0642-300x225.jpeg","datePublished":"2025-10-25T19:11:44+00:00","dateModified":"2026-03-02T10:55:35+00:00","breadcrumb":{"@id":"https:\/\/www.veganastofu.com\/about\/#breadcrumb"},"inLanguage":"es-CO","potentialAction":[{"@type":"ReadAction","target":["https:\/\/www.veganastofu.com\/about\/"]}]},{"@type":"ImageObject","inLanguage":"es-CO","@id":"https:\/\/www.veganastofu.com\/about\/#primaryimage","url":"https:\/\/www.veganastofu.com\/wp-content\/uploads\/2025\/10\/IMG_0642-300x225.jpeg","contentUrl":"https:\/\/www.veganastofu.com\/wp-content\/uploads\/2025\/10\/IMG_0642-300x225.jpeg"},{"@type":"BreadcrumbList","@id":"https:\/\/www.veganastofu.com\/about\/#breadcrumb","itemListElement":[{"@type":"ListItem","position":1,"name":"Home","item":"https:\/\/www.veganastofu.com\/"},{"@type":"ListItem","position":2,"name":"About"}]},{"@type":"WebSite","@id":"https:\/\/wheat-hornet-247923.hostingersite.com\/es\/#website","url":"https:\/\/wheat-hornet-247923.hostingersite.com\/es\/","name":"Vegan As Tofu","description":"Plant-Based Food, Travel &amp; Lifestyle","publisher":{"@id":"https:\/\/wheat-hornet-247923.hostingersite.com\/es\/#organization"},"potentialAction":[{"@type":"SearchAction","target":{"@type":"EntryPoint","urlTemplate":"https:\/\/wheat-hornet-247923.hostingersite.com\/es\/?s={search_term_string}"},"query-input":{"@type":"PropertyValueSpecification","valueRequired":true,"valueName":"search_term_string"}}],"inLanguage":"es-CO"},{"@type":"Organization","@id":"https:\/\/wheat-hornet-247923.hostingersite.com\/es\/#organization","name":"Vegan As Tofu","url":"https:\/\/wheat-hornet-247923.hostingersite.com\/es\/","logo":{"@type":"ImageObject","inLanguage":"es-CO","@id":"https:\/\/wheat-hornet-247923.hostingersite.com\/es\/#\/schema\/logo\/image\/","url":"https:\/\/www.veganastofu.com\/wp-content\/uploads\/2025\/10\/cropped-vegan_as_tofu_logo.jpg","contentUrl":"https:\/\/www.veganastofu.com\/wp-content\/uploads\/2025\/10\/cropped-vegan_as_tofu_logo.jpg","width":1000,"height":415,"caption":"Vegan As Tofu"},"image":{"@id":"https:\/\/wheat-hornet-247923.hostingersite.com\/es\/#\/schema\/logo\/image\/"},"sameAs":["https:\/\/www.instagram.com\/veganastofu\/"]}]}},"_links":{"self":[{"href":"https:\/\/www.veganastofu.com\/es\/wp-json\/wp\/v2\/pages\/132","targetHints":{"allow":["GET"]}}],"collection":[{"href":"https:\/\/www.veganastofu.com\/es\/wp-json\/wp\/v2\/pages"}],"about":[{"href":"https:\/\/www.veganastofu.com\/es\/wp-json\/wp\/v2\/types\/page"}],"author":[{"embeddable":true,"href":"https:\/\/www.veganastofu.com\/es\/wp-json\/wp\/v2\/users\/1"}],"replies":[{"embeddable":true,"href":"https:\/\/www.veganastofu.com\/es\/wp-json\/wp\/v2\/comments?post=132"}],"version-history":[{"count":66,"href":"https:\/\/www.veganastofu.com\/es\/wp-json\/wp\/v2\/pages\/132\/revisions"}],"predecessor-version":[{"id":938,"href":"https:\/\/www.veganastofu.com\/es\/wp-json\/wp\/v2\/pages\/132\/revisions\/938"}],"wp:attachment":[{"href":"https:\/\/www.veganastofu.com\/es\/wp-json\/wp\/v2\/media?parent=132"}],"curies":[{"name":"wp","href":"https:\/\/api.w.org\/{rel}","templated":true}]}}